{"id":1362,"date":"2023-08-20T17:42:20","date_gmt":"2023-08-20T14:42:20","guid":{"rendered":"https:\/\/vadstudio.site\/?page_id=1362"},"modified":"2023-08-20T18:08:38","modified_gmt":"2023-08-20T15:08:38","slug":"serviciile","status":"publish","type":"page","link":"https:\/\/vadstudio.site\/ro\/serviciile\/","title":{"rendered":"Serviciile"},"content":{"rendered":"<div class=\"wpb-content-wrapper\"><p>[vc_row equal_height=&#8221;yes&#8221; content_placement=&#8221;middle&#8221;][vc_column width=&#8221;1\/2&#8243; css=&#8221;.vc_custom_1547117234126{padding-top: 160px !important;padding-bottom: 180px !important;}&#8221;]<div class=\"pt-special-heading pt-special-heading-5c3720a030a10  tal\"><h2 class=\"heading\"><i>Serviciile noastre<\/i><\/h2><\/div>[vc_column_text]<span style=\"font-size: 18px; font-weight: 200;\">Elabor\u0103m sarcini tehnice clare \u0219i rapoarte transparente. <\/span>[\/vc_column_text]<div class=\"button-container tal\"><a href=\"https:\/\/vadstudio.site\/#audit-besplatno\" class=\"button-style1 filled color2\" title=\"Solicita\u021bi o analiz\u0103 gratuit\u0103 a performan\u021bei site-ului\" target=\"_self\"><span>Solicita\u021bi o analiz\u0103 gratuit\u0103 a performan\u021bei site-ului<\/span><\/a><\/div>[\/vc_column][vc_column width=&#8221;1\/2&#8243; css=&#8221;.vc_custom_1547117320154{padding-top: 50px !important;}&#8221;][vc_column_text]<img loading=\"lazy\" decoding=\"async\" class=\"alignnone size-full wp-image-106 aligncenter lazyload\" data-src=\"https:\/\/vadstudio.site\/wp-content\/uploads\/2018\/12\/side-img3.png\" alt=\"\" width=\"389\" height=\"369\" data-srcset=\"https:\/\/vadstudio.site\/wp-content\/uploads\/2018\/12\/side-img3.png 389w, https:\/\/vadstudio.site\/wp-content\/uploads\/2018\/12\/side-img3-300x285.png 300w\" data-sizes=\"(max-width: 389px) 100vw, 389px\" src=\"data:image\/gif;base64,R0lGODlhAQABAAAAACH5BAEKAAEALAAAAAABAAEAAAICTAEAOw==\" style=\"--smush-placeholder-width: 389px; --smush-placeholder-aspect-ratio: 389\/369;\" \/><noscript><img loading=\"lazy\" decoding=\"async\" class=\"alignnone size-full wp-image-106 aligncenter\" src=\"https:\/\/vadstudio.site\/wp-content\/uploads\/2018\/12\/side-img3.png\" alt=\"\" width=\"389\" height=\"369\" srcset=\"https:\/\/vadstudio.site\/wp-content\/uploads\/2018\/12\/side-img3.png 389w, https:\/\/vadstudio.site\/wp-content\/uploads\/2018\/12\/side-img3-300x285.png 300w\" sizes=\"(max-width: 389px) 100vw, 389px\" \/><\/noscript>[\/vc_column_text][\/vc_column][\/vc_row][vc_row][vc_column]\r\n            <div class=\"wave-area\">\r\n                <div class=\"wave-block wave-block-69e218e446161 wave-style2\"><\/div>\r\n            <\/div>\r\n        \r\n        [\/vc_column][\/vc_row][vc_row css=&#8221;.vc_custom_1688974781864{padding-top: 10px !important;}&#8221;][vc_column]<div class=\"pt-special-heading pt-special-heading-5c21f637d95bb  tac\"><h3 class=\"heading\"><i>Cre\u0219tem num\u0103rul de clien\u021bi<br \/>\npentru afacerea dvs.<\/i><\/h3><\/div>[vc_column_text css=&#8221;.vc_custom_1692542522802{margin-bottom: 45px !important;padding-top: 30px !important;}&#8221;]<\/p>\n<p style=\"text-align: center; font-size: 18px; color: #4b4c58; font-weight: 200;\">Oferim pachete optime de servicii pentru promovarea SEO \u0219i <strong>dezvoltarea site-urilor web<\/strong> \u00een Chi\u0219in\u0103u \u0219i \u00een Moldova<\/p>\n<p>[\/vc_column_text][\/vc_column][\/vc_row][vc_row][vc_column css_animation=&#8221;fadeInUp&#8221; offset=&#8221;vc_col-lg-offset-1 vc_col-lg-10&#8243; css=&#8221;.vc_custom_1547557424677{margin-bottom: -65px !important;}&#8221;]\r\n        <div class=\"icon-box icon-box-69e218e4462a2 style3\">\r\n                    <div class=\"col-xs-12 col-sm-6\">\r\n            <div class=\"icon-box-item\">\r\n                <div class=\"wrap\">\r\n                                            <div class=\"icon\"><i class=\"base material-design-icon-searching-magnifying-glass\"><\/i><noindex class=\"hover material-design-icon-searching-magnifying-glass\"><\/noindex><\/div>\r\n                                            <div class=\"h\"><div class=\"base\">Promovare SEO \u00een Google<br \/>\nde la 150 \u20ac<\/div><noindex class=\"hover\">Promovare SEO \u00een Google<br \/>\nde la 150 \u20ac<\/noindex><\/div>\r\n                                            <div class=\"desc\"><a href=\"https:\/\/vadstudio.site\/#\">Solu\u021bie de baz\u0103 pentru <b>site-urile existente<\/b> sau tinere aflate la etapa de creare a acestora.<\/a><\/div>\r\n                                    <\/div>\r\n            <\/div>\r\n        <\/div>\r\n                <div class=\"col-xs-12 col-sm-6\">\r\n            <div class=\"icon-box-item\">\r\n                <div class=\"wrap\">\r\n                                            <div class=\"icon\"><i class=\"base fas fa-user-secret\"><\/i><noindex class=\"hover fas fa-user-secret\"><\/noindex><\/div>\r\n                                            <div class=\"h\"><div class=\"base\">SEO specializat<br \/>\nde la 450 \u20ac<\/div><noindex class=\"hover\">SEO specializat<br \/>\nde la 450 \u20ac<\/noindex><\/div>\r\n                                            <div class=\"desc\">Suport SEO avansat cu elaborarea unei <b>strategii de promovare<\/b> pentru 6-12 luni.<\/div>\r\n                                    <\/div>\r\n            <\/div>\r\n        <\/div>\r\n                <\/div>\r\n         \r\n        [\/vc_column][\/vc_row][vc_row css_animation=&#8221;fadeInUp&#8221;][vc_column]\r\n        <div class=\"icon-box-type2 row icon-box-type2-69e218e4464f6\">\r\n                    <div class=\"col-xs-12 col-sm-4 col-md-4\">\r\n            <div class=\"icon-box-type2-item icon-box-type2-69e218e44657a\">\r\n                <div class=\"wrap\">\r\n                                            <div class=\"icon\"><i class=\"fas fa-rocket\"><\/i><\/div>\r\n                                            <div class=\"h\"><div class=\"base\">Startup<br \/>\nde la 150 \u20ac<\/div><noindex class=\"hover\">Startup<br \/>\nde la 150 \u20ac<\/noindex><\/div>\r\n                                            <div class=\"desc\">Dezvoltare de landing page Bootstrap<br \/>\nDezvoltare de landing page WordPress<br \/>\nDezvoltarea unui site de prezentare<\/div>\r\n                                    <\/div>\r\n            <\/div>\r\n        <\/div>\r\n                <div class=\"col-xs-12 col-sm-4 col-md-4\">\r\n            <div class=\"icon-box-type2-item icon-box-type2-69e218e446c46\">\r\n                <div class=\"wrap\">\r\n                                            <div class=\"icon\"><i class=\"fas fa-briefcase\"><\/i><\/div>\r\n                                            <div class=\"h\"><div class=\"base\">Business<br \/>\nde la 400 \u20ac<\/div><noindex class=\"hover\">Business<br \/>\nde la 400 \u20ac<\/noindex><\/div>\r\n                                            <div class=\"desc\">Dezvoltarea unui site corporativ sau de afaceri pe WordPress<br \/>\n<b>+ <\/b>Promovare SEO de baz\u0103 \u00een Google<\/div>\r\n                                    <\/div>\r\n            <\/div>\r\n        <\/div>\r\n                <div class=\"col-xs-12 col-sm-4 col-md-4\">\r\n            <div class=\"icon-box-type2-item icon-box-type2-69e218e447268\">\r\n                <div class=\"wrap\">\r\n                                            <div class=\"icon\"><i class=\"fas fa-euro-sign\"><\/i><\/div>\r\n                                            <div class=\"h\"><div class=\"base\">Premium<br \/>\nde la 1500 \u20ac<\/div><noindex class=\"hover\">Premium<br \/>\nde la 1500 \u20ac<\/noindex><\/div>\r\n                                            <div class=\"desc\">Landing page, catalog, magazin online<br \/>\n<b>+ <\/b>promovare SEO \u00een Google<br \/>\n<b>+ <\/b>\u00centre\u021binere \u0219i asisten\u021b\u0103<\/div>\r\n                                    <\/div>\r\n            <\/div>\r\n        <\/div>\r\n                <\/div>\r\n         \r\n        [\/vc_column][\/vc_row][vc_row full_width=&#8221;stretch_row&#8221; equal_height=&#8221;yes&#8221; content_placement=&#8221;middle&#8221; css=&#8221;.vc_custom_1688919022864{margin-top: 70px !important;padding-top: 40px !important;background-color: #4d519d !important;}&#8221; el_class=&#8221;light-color&#8221;][vc_column css_animation=&#8221;none&#8221;]\r\n            <div class=\"wave-area\">\r\n                <div class=\"wave-block wave-block-69e218e447887 wave-style8\"><\/div>\r\n            <\/div>\r\n        \r\n        [\/vc_column][vc_column width=&#8221;1\/2&#8243;][vc_column_text]<img loading=\"lazy\" decoding=\"async\" class=\"aligncenter wp-image-104 size-full lazyload\" data-src=\"https:\/\/vadstudio.site\/wp-content\/uploads\/2018\/12\/side-img1.png\" alt=\"\" width=\"515\" height=\"444\" data-srcset=\"https:\/\/vadstudio.site\/wp-content\/uploads\/2018\/12\/side-img1.png 515w, https:\/\/vadstudio.site\/wp-content\/uploads\/2018\/12\/side-img1-300x259.png 300w\" data-sizes=\"(max-width: 515px) 100vw, 515px\" src=\"data:image\/gif;base64,R0lGODlhAQABAAAAACH5BAEKAAEALAAAAAABAAEAAAICTAEAOw==\" style=\"--smush-placeholder-width: 515px; --smush-placeholder-aspect-ratio: 515\/444;\" \/><noscript><img loading=\"lazy\" decoding=\"async\" class=\"aligncenter wp-image-104 size-full\" src=\"https:\/\/vadstudio.site\/wp-content\/uploads\/2018\/12\/side-img1.png\" alt=\"\" width=\"515\" height=\"444\" srcset=\"https:\/\/vadstudio.site\/wp-content\/uploads\/2018\/12\/side-img1.png 515w, https:\/\/vadstudio.site\/wp-content\/uploads\/2018\/12\/side-img1-300x259.png 300w\" sizes=\"(max-width: 515px) 100vw, 515px\" \/><\/noscript>[\/vc_column_text][\/vc_column][vc_column css_animation=&#8221;fadeInRight&#8221; width=&#8221;1\/2&#8243; css=&#8221;.vc_custom_1550575416718{padding-top: 0px !important;}&#8221;]<div class=\"pt-special-heading pt-special-heading-5c22217a99fd1  tal  vc_custom_1692543769488\"><h3 class=\"heading\"><i>Avantajele de a lucra<br \/>\ncu VADSTUDIO<\/i><\/h3><\/div>[vc_column_text css=&#8221;.vc_custom_1692543789175{margin-bottom: 30px !important;}&#8221;]+ Mai mult de 5 ani pe pia\u021ba Moldovei<br \/>\n+ Peste 700 de proiecte SEO optimizate<br \/>\n+ Lucr\u0103m cu tendin\u021bele, folosim ChatGPT<br \/>\n+ Alegem o metod\u0103 de abordare personalizat\u0103 pentru client<br \/>\n+ Fiecare client ne recomand\u0103<br \/>\n+ \u021ainem leg\u0103tura cu clientul 24\/7[\/vc_column_text]\r\n        <div class=\"num-box num-box-69e218e447964 tal\">\r\n                                        <div class=\"num-box-item\">\r\n                                        <div class=\"num\">300<\/div>\r\n                                            <div class=\"h\">de proiecte<br \/>\nimplementate<\/div>\r\n                                    <\/div>\r\n                                                <div class=\"num-box-item\">\r\n                                        <div class=\"num\">749<\/div>\r\n                                            <div class=\"h\">de cazuri SEO<br \/>\nimplementate<\/div>\r\n                                    <\/div>\r\n                                                <div class=\"num-box-item\">\r\n                                        <div class=\"num\">29<\/div>\r\n                                            <div class=\"h\">de \u021b\u0103ri<\/div>\r\n                                    <\/div>\r\n                            <\/div>\r\n         \r\n        [\/vc_column][vc_column]\r\n            <div class=\"wave-area\">\r\n                <div class=\"wave-block wave-block-69e218e447acd wave-style9\"><\/div>\r\n            <\/div>\r\n        \r\n        [\/vc_column][\/vc_row][vc_row equal_height=&#8221;yes&#8221; content_placement=&#8221;middle&#8221; css=&#8221;.vc_custom_1688914804485{padding-top: 50px !important;padding-bottom: 50px !important;}&#8221;][vc_column width=&#8221;1\/2&#8243;]<div class=\"pt-special-heading pt-special-heading-69e218e447b01  tal  vc_custom_1692544019080\"><h3 class=\"heading\"><i>C\u00e2nd trebuie s\u0103 verifica\u021bi eficien\u021ba site-ului dvs. web<\/i><\/h3><\/div>\r\n        <div class=\"icon-box icon-box-69e218e447b63 style2\">\r\n                    <div class=\"col-xs-12 col-sm-6\">\r\n            <div class=\"icon-box-item\">\r\n                <div class=\"wrap\">\r\n                                            <div class=\"icon\"><i class=\"base seo-and-online-marketing-icon-customer\"><\/i><noindex class=\"hover seo-and-online-marketing-icon-customer\"><\/noindex><\/div>\r\n                                            <div class=\"h\"><div class=\"base\">Trafic sc\u0103zut<\/div><noindex class=\"hover\">Trafic sc\u0103zut<\/noindex><\/div>\r\n                                            <div class=\"desc\">Ave\u021bi nevoie s\u0103 m\u0103ri\u021bi traficul c\u0103tre site-ul dvs. sau ave\u021bi un trafic neorientat c\u0103tre site<\/div>\r\n                                    <\/div>\r\n            <\/div>\r\n        <\/div>\r\n                <div class=\"col-xs-12 col-sm-6\">\r\n            <div class=\"icon-box-item\">\r\n                <div class=\"wrap\">\r\n                                            <div class=\"icon\"><i class=\"base seo-and-online-marketing-icon-targeting\"><\/i><noindex class=\"hover seo-and-online-marketing-icon-targeting\"><\/noindex><\/div>\r\n                                            <div class=\"h\"><div class=\"base\">Lipsa conversiilor<\/div><noindex class=\"hover\">Lipsa conversiilor<\/noindex><\/div>\r\n                                            <div class=\"desc\">Pu\u021bine apeluri \u0219i cereri. Ave\u021bi nevoie s\u0103 urm\u0103ri\u021bi eficacitatea canalelor de publicitate<\/div>\r\n                                    <\/div>\r\n            <\/div>\r\n        <\/div>\r\n                <div class=\"col-xs-12 col-sm-6\">\r\n            <div class=\"icon-box-item\">\r\n                <div class=\"wrap\">\r\n                                            <div class=\"icon\"><i class=\"base seo-and-online-marketing-icon-target\"><\/i><noindex class=\"hover seo-and-online-marketing-icon-target\"><\/noindex><\/div>\r\n                                            <div class=\"h\"><div class=\"base\">Audit independent<\/div><noindex class=\"hover\">Audit independent<\/noindex><\/div>\r\n                                            <div class=\"desc\">\u00cembun\u0103t\u0103\u021bi\u021bi randamentul promov\u0103rii SEO. Analiza\u021bi compania contractantului<\/div>\r\n                                    <\/div>\r\n            <\/div>\r\n        <\/div>\r\n                <div class=\"col-xs-12 col-sm-6\">\r\n            <div class=\"icon-box-item\">\r\n                <div class=\"wrap\">\r\n                                            <div class=\"icon\"><i class=\"base seo-and-online-marketing-icon-design\"><\/i><noindex class=\"hover seo-and-online-marketing-icon-design\"><\/noindex><\/div>\r\n                                            <div class=\"h\"><div class=\"base\">Un raport clar \u0219i profesional<\/div><noindex class=\"hover\">Un raport clar \u0219i profesional<\/noindex><\/div>\r\n                                            <div class=\"desc\">Nu v\u0103 suprasolicit\u0103m cu informa\u021bii, ci vorbim doar despre ceea ce este important pentru dumneavoastr\u0103<\/div>\r\n                                    <\/div>\r\n            <\/div>\r\n        <\/div>\r\n                <\/div>\r\n         \r\n        [\/vc_column][vc_column width=&#8221;1\/2&#8243;][vc_video link=&#8221;https:\/\/www.youtube.com\/shorts\/WiH9Vyp6E-Y&#8221; el_width=&#8221;70&#8243; el_aspect=&#8221;916&#8243; align=&#8221;center&#8221; css=&#8221;.vc_custom_1689274094554{padding-top: 50px !important;padding-bottom: 50px !important;}&#8221;][\/vc_column][\/vc_row][vc_row full_width=&#8221;stretch_row&#8221; background_position=&#8221;center center&#8221; css=&#8221;.vc_custom_1545991975215{margin-bottom: 15px !important;background-image: url(https:\/\/vadstudio.site\/wp-content\/uploads\/2018\/12\/bg-map.png?id=32) !important;background-position: center !important;background-repeat: no-repeat !important;background-size: contain !important;}&#8221;][vc_column]<div class=\"pt-special-heading pt-special-heading-5c25e27409feb  tac  vc_custom_1692543711526\"><h4 class=\"heading\"><i>L\u0103sa\u021bi o cerere \u0219i ob\u021bine\u021bi o analiz\u0103 gratuit\u0103 a eficien\u021bei site-ului<\/i><\/h4><\/div>[vc_column_text]\n<div class=\"wpcf7 no-js\" id=\"wpcf7-f5-o1\" lang=\"en-US\" dir=\"ltr\" data-wpcf7-id=\"5\">\n<div class=\"screen-reader-response\"><p role=\"status\" aria-live=\"polite\" aria-atomic=\"true\"><\/p> <ul><\/ul><\/div>\n<form action=\"\/ro\/wp-json\/wp\/v2\/pages\/1362#wpcf7-f5-o1\" method=\"post\" class=\"wpcf7-form init\" aria-label=\"Contact form\" novalidate=\"novalidate\" data-status=\"init\">\n<div style=\"display: none;\">\n<input type=\"hidden\" name=\"_wpcf7\" value=\"5\" \/>\n<input type=\"hidden\" name=\"_wpcf7_version\" value=\"6.0.4\" \/>\n<input type=\"hidden\" name=\"_wpcf7_locale\" value=\"en_US\" \/>\n<input type=\"hidden\" name=\"_wpcf7_unit_tag\" value=\"wpcf7-f5-o1\" \/>\n<input type=\"hidden\" name=\"_wpcf7_container_post\" value=\"0\" \/>\n<input type=\"hidden\" name=\"_wpcf7_posted_data_hash\" value=\"\" \/>\n<input type=\"hidden\" name=\"_wpcf7_recaptcha_response\" value=\"\" \/>\n<\/div>\n<div class=\"contact-form-area row\">\n\t<div class=\"col-xs-12 col-sm-6\">\n\t\t<div class=\"input-row with-icon name\">\n\t\t\t<p><span class=\"wpcf7-form-control-wrap\" data-name=\"f-name\"><input size=\"40\" maxlength=\"400\" class=\"wpcf7-form-control wpcf7-text wpcf7-validates-as-required style1 name\" aria-required=\"true\" aria-invalid=\"false\" placeholder=\"\u0412\u0430\u0448\u0435 \u0438\u043c\u044f\" value=\"\" type=\"text\" name=\"f-name\" \/><\/span>\n\t\t\t<\/p>\n\t\t<\/div>\n\t<\/div>\n\t<div class=\"col-xs-12 col-sm-6\">\n\t\t<div class=\"input-row with-icon mail\">\n\t\t\t<p><span class=\"wpcf7-form-control-wrap\" data-name=\"f-mail\"><input size=\"40\" maxlength=\"400\" class=\"wpcf7-form-control wpcf7-text wpcf7-validates-as-required style1 mail\" aria-required=\"true\" aria-invalid=\"false\" placeholder=\"\u0412\u0430\u0448 E-mail\" value=\"\" type=\"text\" name=\"f-mail\" \/><\/span>\n\t\t\t<\/p>\n\t\t<\/div>\n\t<\/div>\n\t<div class=\"col-xs-12 col-sm-6\">\n\t\t<div class=\"input-row with-icon phone\">\n\t\t\t<p><span class=\"wpcf7-form-control-wrap\" data-name=\"f-phone\"><input size=\"40\" maxlength=\"400\" class=\"wpcf7-form-control wpcf7-text wpcf7-validates-as-required style1 phone\" aria-required=\"true\" aria-invalid=\"false\" placeholder=\"\u041d\u043e\u043c\u0435\u0440 \u0442\u0435\u043b\u0435\u0444\u043e\u043d\u0430\" value=\"\" type=\"text\" name=\"f-phone\" \/><\/span>\n\t\t\t<\/p>\n\t\t<\/div>\n\t<\/div>\n\t<div class=\"col-xs-12 col-sm-6\">\n\t\t<div class=\"input-row with-icon subject\">\n\t\t\t<p><span class=\"wpcf7-form-control-wrap\" data-name=\"f-subject\"><select class=\"wpcf7-form-control wpcf7-select wpcf7-validates-as-required style1 subject\" aria-required=\"true\" aria-invalid=\"false\" name=\"f-subject\"><option value=\"\u0422\u0435\u043c\u0430 \u0437\u0430\u043f\u0440\u043e\u0441\u0430\">\u0422\u0435\u043c\u0430 \u0437\u0430\u043f\u0440\u043e\u0441\u0430<\/option><option value=\"SEO \u043f\u0440\u043e\u0434\u0432\u0438\u0436\u0435\u043d\u0438\u0435\">SEO \u043f\u0440\u043e\u0434\u0432\u0438\u0436\u0435\u043d\u0438\u0435<\/option><option value=\"\u0420\u0430\u0437\u0440\u0430\u0431\u043e\u0442\u043a\u0430 \u0441\u0430\u0439\u0442\u0430\">\u0420\u0430\u0437\u0440\u0430\u0431\u043e\u0442\u043a\u0430 \u0441\u0430\u0439\u0442\u0430<\/option><\/select><\/span>\n\t\t\t<\/p>\n\t\t<\/div>\n\t<\/div>\n\t<div class=\"col-xs-12\">\n\t\t<div class=\"input-row with-icon text\">\n\t\t\t<p><span class=\"wpcf7-form-control-wrap\" data-name=\"f-text\"><textarea cols=\"40\" rows=\"4\" maxlength=\"2000\" class=\"wpcf7-form-control wpcf7-textarea style1 text\" aria-invalid=\"false\" placeholder=\"\u0412\u0430\u0448\u0435 \u0441\u043e\u043e\u0431\u0449\u0435\u043d\u0438\u0435\" name=\"f-text\"><\/textarea><\/span>\n\t\t\t<\/p>\n\t\t<\/div>\n\t<\/div>\n\t<div class=\"col-xs-12\">\n\t\t<p><input class=\"wpcf7-form-control wpcf7-submit has-spinner button-style3\" type=\"submit\" value=\"\u041e\u0422\u041f\u0420\u0410\u0412\u0418\u0422\u042c\" \/>\n\t\t<\/p>\n\t<\/div>\n<\/div><div class=\"wpcf7-response-output\" aria-hidden=\"true\"><\/div>\n<\/form>\n<\/div>\n[\/vc_column_text][\/vc_column][\/vc_row]<\/p>\n<\/div>","protected":false},"excerpt":{"rendered":"<p>[vc_row equal_height=&#8221;yes&#8221; content_placement=&#8221;middle&#8221;][vc_column width=&#8221;1\/2&#8243; css=&#8221;.vc_custom_1547117234126{padding-top: 160px !important;padding-bottom: 180px !important;}&#8221;][vc_column_text]Elabor\u0103m sarcini tehnice clare \u0219i rapoarte transparente. [\/vc_column_text][\/vc_column][vc_column width=&#8221;1\/2&#8243; css=&#8221;.vc_custom_1547117320154{padding-top: 50px !important;}&#8221;][vc_column_text][\/vc_column_text][\/vc_column][\/vc_row][vc_row][vc_column][\/vc_column][\/vc_row][vc_row css=&#8221;.vc_custom_1688974781864{padding-top: 10px !important;}&#8221;][vc_column][vc_column_text css=&#8221;.vc_custom_1692542522802{margin-bottom: 45px !important;padding-top: 30px !important;}&#8221;] Oferim pachete optime de servicii pentru promovarea SEO \u0219i dezvoltarea site-urilor web \u00een Chi\u0219in\u0103u \u0219i \u00een Moldova [\/vc_column_text][\/vc_column][\/vc_row][vc_row][vc_column css_animation=&#8221;fadeInUp&#8221; offset=&#8221;vc_col-lg-offset-1 vc_col-lg-10&#8243; css=&#8221;.vc_custom_1547557424677{margin-bottom: -65px !important;}&#8221;][\/vc_column][\/vc_row][vc_row css_animation=&#8221;fadeInUp&#8221;][vc_column][\/vc_column][\/vc_row][vc_row full_width=&#8221;stretch_row&#8221; equal_height=&#8221;yes&#8221; [&hellip;]<\/p>\n","protected":false},"author":1,"featured_media":0,"parent":0,"menu_order":0,"comment_status":"closed","ping_status":"closed","template":"template-landing.php","meta":{"_acf_changed":false,"footnotes":""},"class_list":["post-1362","page","type-page","status-publish","hentry"],"acf":[],"aioseo_notices":[],"_links":{"self":[{"href":"https:\/\/vadstudio.site\/ro\/wp-json\/wp\/v2\/pages\/1362"}],"collection":[{"href":"https:\/\/vadstudio.site\/ro\/wp-json\/wp\/v2\/pages"}],"about":[{"href":"https:\/\/vadstudio.site\/ro\/wp-json\/wp\/v2\/types\/page"}],"author":[{"embeddable":true,"href":"https:\/\/vadstudio.site\/ro\/wp-json\/wp\/v2\/users\/1"}],"replies":[{"embeddable":true,"href":"https:\/\/vadstudio.site\/ro\/wp-json\/wp\/v2\/comments?post=1362"}],"version-history":[{"count":0,"href":"https:\/\/vadstudio.site\/ro\/wp-json\/wp\/v2\/pages\/1362\/revisions"}],"wp:attachment":[{"href":"https:\/\/vadstudio.site\/ro\/wp-json\/wp\/v2\/media?parent=1362"}],"curies":[{"name":"wp","href":"https:\/\/api.w.org\/{rel}","templated":true}]}}